{"id":1225,"date":"2025-10-30T13:10:53","date_gmt":"2025-10-30T12:10:53","guid":{"rendered":"https:\/\/kitesurfingwitheb.com\/?page_id=1225"},"modified":"2026-02-22T19:36:16","modified_gmt":"2026-02-22T18:36:16","slug":"courses-prices","status":"publish","type":"page","link":"https:\/\/kitesurfingwitheb.com\/de\/courses-prices\/","title":{"rendered":"Kurse und Preise"},"content":{"rendered":"<div class=\"wp-block-stackable-spacer stk-block-spacer stk--no-padding stk-block stk-a4f8ca8\" data-block-id=\"a4f8ca8\"><\/div>\n\n\n\n<div class=\"wp-block-media-text alignwide has-media-on-the-right is-stacked-on-mobile is-vertically-aligned-center is-style-default\" style=\"grid-template-columns:auto 46%\"><div class=\"wp-block-media-text__content\">\n<div class=\"wp-block-stackable-spacer stk-block-spacer stk--no-padding stk-block stk-feb2542\" data-block-id=\"feb2542\"><style>.stk-feb2542 {height:0px !important;}<\/style><\/div>\n\n\n\n<h1 class=\"wp-block-heading has-theme-palette-4-color has-text-color has-inter-font-family\" style=\"line-height:1.1\">Dein Kitesurf-Abenteuer beginnt hier<\/h1>\n\n\n\n<p class=\"has-theme-palette-4-color has-text-color\" style=\"font-size:17px;line-height:1.2\">Entdecke den perfekten Einstieg ins Kitesurfen \u2013 oder bring dein K\u00f6nnen auf das n\u00e4chste Level.\nUnsere Kurse bieten hochwertiges Training f\u00fcr jedes Niveau: vom absoluten Anf\u00e4nger bis zum erfahrenen Fahrer, der seine Technik weiter verbessern m\u00f6chte. Mit zertifizierten Trainern, einer sicheren Lernumgebung und individueller Betreuung sorgen wir daf\u00fcr, dass jede Session dich mit Freude und Selbstvertrauen voranbringt.\n\nEgal, ob du deine ersten Schritte mit dem Kite machst oder an fortgeschrittenen Techniken arbeiten willst \u2013 wir geben dir das Wissen, die Unterst\u00fctzung und die Erfahrung, die du brauchst, um ein sicherer und selbstst\u00e4ndiger Kitesurfer zu werden.<\/p>\n<\/div><figure class=\"wp-block-media-text__media\"><img loading=\"lazy\" decoding=\"async\" width=\"1024\" height=\"815\" src=\"https:\/\/kitesurfingwitheb.com\/wp-content\/uploads\/2025\/11\/instructors-teaching-kitesurfing-in-shallow-sea-waters-e1765136578761-1024x815.jpeg\" alt=\"Instructors teaching kitesurfing in shallow sea waters with clear skies, offering a perfect leisure activity.\" class=\"wp-image-1752 size-full\" srcset=\"https:\/\/kitesurfingwitheb.com\/wp-content\/uploads\/2025\/11\/instructors-teaching-kitesurfing-in-shallow-sea-waters-e1765136578761-1024x815.jpeg 1024w, https:\/\/kitesurfingwitheb.com\/wp-content\/uploads\/2025\/11\/instructors-teaching-kitesurfing-in-shallow-sea-waters-e1765136578761-300x239.jpeg 300w, https:\/\/kitesurfingwitheb.com\/wp-content\/uploads\/2025\/11\/instructors-teaching-kitesurfing-in-shallow-sea-waters-e1765136578761-768x611.jpeg 768w, https:\/\/kitesurfingwitheb.com\/wp-content\/uploads\/2025\/11\/instructors-teaching-kitesurfing-in-shallow-sea-waters-e1765136578761-1536x1222.jpeg 1536w, https:\/\/kitesurfingwitheb.com\/wp-content\/uploads\/2025\/11\/instructors-teaching-kitesurfing-in-shallow-sea-waters-e1765136578761-15x12.jpeg 15w, https:\/\/kitesurfingwitheb.com\/wp-content\/uploads\/2025\/11\/instructors-teaching-kitesurfing-in-shallow-sea-waters-e1765136578761-600x477.jpeg 600w, https:\/\/kitesurfingwitheb.com\/wp-content\/uploads\/2025\/11\/instructors-teaching-kitesurfing-in-shallow-sea-waters-e1765136578761.jpeg 1655w\" sizes=\"auto, (max-width: 1024px) 100vw, 1024px\" \/><\/figure><\/div>\n\n\n\n<div class=\"wp-block-group alignwide alignfull is-content-justification-center\" style=\"margin-top:0;margin-bottom:0;padding-top:calc( 0.5 * var(--wp--style--root--padding-right, var(--wp--custom--gap--horizontal)));padding-right:var(--wp--style--root--padding-right, var(--wp--custom--gap--horizontal));padding-bottom:calc( 0.5 * var(--wp--style--root--padding-right, var(--wp--custom--gap--horizontal)));padding-left:20px\"><div class=\"wp-block-group__inner-container is-layout-constrained wp-container-core-group-is-layout-e1c9e4eb wp-block-group-is-layout-constrained\">\n<div style=\"height:calc( 0.25 * var(--wp--style--root--padding-right, var(--wp--custom--gap--horizontal)))\" aria-hidden=\"true\" class=\"wp-block-spacer\"><\/div>\n\n\n\n<div style=\"height:7px\" aria-hidden=\"true\" class=\"wp-block-spacer\"><\/div>\n\n\n\n<div class=\"wp-block-stackable-columns stk-block-columns stk-block stk-36f1f85\" data-block-id=\"36f1f85\"><div class=\"stk-row stk-inner-blocks stk-block-content stk-content-align stk-36f1f85-column\">\n<div class=\"wp-block-stackable-column stk-block-column stk-column stk-block stk-1da5649\" data-v=\"4\" data-block-id=\"1da5649\"><div class=\"stk-column-wrapper stk-block-column__content stk-container stk-1da5649-container stk--no-background stk--no-padding\"><div class=\"stk-block-content stk-inner-blocks stk-1da5649-inner-blocks\">\n<figure class=\"wp-block-image size-large\"><img loading=\"lazy\" decoding=\"async\" width=\"768\" height=\"1024\" src=\"https:\/\/kitesurfingwitheb.com\/wp-content\/uploads\/2025\/11\/Mideo_with-Student-1-768x1024.jpg\" alt=\"lesson with a student\" class=\"wp-image-1617\" style=\"aspect-ratio:4\/3;object-fit:cover\" srcset=\"https:\/\/kitesurfingwitheb.com\/wp-content\/uploads\/2025\/11\/Mideo_with-Student-1-768x1024.jpg 768w, https:\/\/kitesurfingwitheb.com\/wp-content\/uploads\/2025\/11\/Mideo_with-Student-1-225x300.jpg 225w, https:\/\/kitesurfingwitheb.com\/wp-content\/uploads\/2025\/11\/Mideo_with-Student-1-1152x1536.jpg 1152w, https:\/\/kitesurfingwitheb.com\/wp-content\/uploads\/2025\/11\/Mideo_with-Student-1-1536x2048.jpg 1536w, https:\/\/kitesurfingwitheb.com\/wp-content\/uploads\/2025\/11\/Mideo_with-Student-1-9x12.jpg 9w, https:\/\/kitesurfingwitheb.com\/wp-content\/uploads\/2025\/11\/Mideo_with-Student-1-600x800.jpg 600w, https:\/\/kitesurfingwitheb.com\/wp-content\/uploads\/2025\/11\/Mideo_with-Student-1-scaled.jpg 1920w\" sizes=\"auto, (max-width: 768px) 100vw, 768px\" \/><\/figure>\n\n\n\n<div style=\"height:4px\" aria-hidden=\"true\" class=\"wp-block-spacer\"><\/div>\n\n\n\n<div class=\"wp-block-group\"><div class=\"wp-block-group__inner-container is-layout-flow wp-block-group-is-layout-flow\">\n<h1 class=\"wp-block-heading is-service-name has-theme-palette-4-color has-text-color has-link-color wp-elements-238e11920e1e68931a1246a8c89c3ce0\" style=\"font-size:25px;font-style:normal;font-weight:700\">BEGINNER<\/h1>\n<\/div><\/div>\n\n\n\n<p class=\"is-service-description has-theme-palette-4-color has-text-color has-link-color wp-elements-a5fd5ed0b29b6116a1185488e540d17b\" style=\"font-size:17px\">Ein typischer Anf\u00e4ngerkurs in der Gruppe umfasst etwa 9 Stunden Training und f\u00fchrt dich vom kompletten Einstieg bis zu deinen ersten Fahrten auf dem Board.\nDer Unterricht verteilt sich je nach Windbedingungen und Aufenthaltsdauer auf mehrere Tage (meist 2\u20134 Tage). Schritt f\u00fcr Schritt baust du die wichtigsten Grundlagen auf \u2013 von Theorie und Sicherheitswissen bis zu deinen ersten Metern auf dem Wasser.<\/p>\n\n\n\n<div class=\"wp-block-columns is-layout-flex wp-container-core-columns-is-layout-2d83c01c wp-block-columns-is-layout-flex\" style=\"padding-left:0px\">\n<div class=\"wp-block-column is-layout-flow wp-block-column-is-layout-flow\">\n<div data-wp-context=\"{ &quot;autoclose&quot;: true, &quot;accordionItems&quot;: [] }\" data-wp-interactive=\"core\/accordion\" role=\"group\" class=\"wp-block-accordion is-layout-flow wp-block-accordion-is-layout-flow\">\n<div data-wp-class--is-open=\"state.isOpen\" data-wp-context=\"{ &quot;id&quot;: &quot;accordion-item-1&quot;, &quot;openByDefault&quot;: false }\" data-wp-init=\"callbacks.initAccordionItems\" data-wp-on-window--hashchange=\"callbacks.hashChange\" class=\"wp-block-accordion-item is-layout-flow wp-block-accordion-item-is-layout-flow\">\n<h3 class=\"wp-block-accordion-heading has-medium-font-size\"><button aria-expanded=\"false\" aria-controls=\"accordion-item-1-panel\" data-wp-bind--aria-expanded=\"state.isOpen\" data-wp-on--click=\"actions.toggle\" data-wp-on--keydown=\"actions.handleKeyDown\" id=\"accordion-item-1\" type=\"button\" class=\"wp-block-accordion-heading__toggle\"><span class=\"wp-block-accordion-heading__toggle-title\"><span style=\"color: var(--global-palette4, var(--global-palette4));\" class=\"stk-highlight\">Basic 1 (3h) Group 150 \u20ac \/ Private 180 \u20ac<\/span><\/span><span class=\"wp-block-accordion-heading__toggle-icon\" aria-hidden=\"true\">+<\/span><\/button><\/h3>\n\n\n\n<div inert aria-labelledby=\"accordion-item-1\" data-wp-bind--inert=\"!state.isOpen\" id=\"accordion-item-1-panel\" role=\"region\" class=\"wp-block-accordion-panel is-layout-flow wp-block-accordion-panel-is-layout-flow\">\n<p class=\"has-theme-palette-4-color has-text-color has-link-color wp-elements-b0bbf919fd6a68a5e9531915f58dfc8d\"><em>Grundlagen &amp; Kite-Kontrolle<\/em><\/p>\n\n\n\n<ul class=\"wp-block-list\">\n<li class=\"has-theme-palette-4-color has-text-color has-link-color wp-elements-118121042fdbf6daef0b33533aed2f82\">Einf\u00fchrung in Theorie und Sicherheit<\/li>\n\n\n\n<li class=\"has-theme-palette-4-color has-text-color has-link-color wp-elements-4f993bc37bee1c09f1384026c8ab94a9\">Intensive \u00dcbungen zur Kitekontrolle<\/li>\n\n\n\n<li class=\"has-theme-palette-4-color has-text-color has-link-color wp-elements-21961155800ca604960676381f19f60c\">Sicheres Starten und Landen<\/li>\n\n\n\n<li class=\"has-theme-palette-4-color has-text-color has-link-color wp-elements-b96cce72db72d5fd714751ec25728e90\">Self-Rescue im Wasser<\/li>\n<\/ul>\n<\/div>\n<\/div>\n<\/div>\n\n\n\n<div class=\"wp-block-stackable-spacer stk-block-spacer stk--no-padding stk-block stk-e84186d\" data-block-id=\"e84186d\"><style>.stk-e84186d {height:15px !important;}<\/style><\/div>\n\n\n\n<div data-wp-context=\"{ &quot;autoclose&quot;: true, &quot;accordionItems&quot;: [] }\" data-wp-interactive=\"core\/accordion\" role=\"group\" class=\"wp-block-accordion is-layout-flow wp-block-accordion-is-layout-flow\">\n<div data-wp-class--is-open=\"state.isOpen\" data-wp-context=\"{ &quot;id&quot;: &quot;accordion-item-2&quot;, &quot;openByDefault&quot;: false }\" data-wp-init=\"callbacks.initAccordionItems\" data-wp-on-window--hashchange=\"callbacks.hashChange\" class=\"wp-block-accordion-item is-layout-flow wp-block-accordion-item-is-layout-flow\">\n<h3 class=\"wp-block-accordion-heading has-theme-palette-4-color has-text-color has-link-color has-medium-font-size wp-elements-39639ee551d7a63e343f7b21a80ca15d\"><button aria-expanded=\"false\" aria-controls=\"accordion-item-2-panel\" data-wp-bind--aria-expanded=\"state.isOpen\" data-wp-on--click=\"actions.toggle\" data-wp-on--keydown=\"actions.handleKeyDown\" id=\"accordion-item-2\" type=\"button\" class=\"wp-block-accordion-heading__toggle\"><span class=\"wp-block-accordion-heading__toggle-title\">Basic 2 (3h) <span style=\"color: var(--global-palette4, var(--global-palette4));\" class=\"stk-highlight\">Group 130 \u20ac \/ Private 160 \u20ac<\/span><\/span><span class=\"wp-block-accordion-heading__toggle-icon\" aria-hidden=\"true\">+<\/span><\/button><\/h3>\n\n\n\n<div inert aria-labelledby=\"accordion-item-2\" data-wp-bind--inert=\"!state.isOpen\" id=\"accordion-item-2-panel\" role=\"region\" class=\"wp-block-accordion-panel is-layout-flow wp-block-accordion-panel-is-layout-flow\">\n<p><em>Kitekraft kontrollieren &amp; Wasser\u00fcbungen<\/em><\/p>\n\n\n\n<ul class=\"wp-block-list\">\n<li class=\"has-theme-palette-4-color has-text-color has-link-color wp-elements-0ac866295c4021db977d3297c3ca70ce\">Body Drag in verschiedene Richtungen<\/li>\n\n\n\n<li class=\"has-theme-palette-4-color has-text-color has-link-color wp-elements-01dc248866d3bda15866dfcb83be5ee9\">Wiederstarten des Kites aus dem Wasser<\/li>\n\n\n\n<li class=\"has-theme-palette-4-color has-text-color has-link-color wp-elements-5404784060d5d20f5f9e005db95c7935\">Saubere und kontrollierte Kraftsteuerung als Vorbereitung f\u00fcr den Boardstart<\/li>\n<\/ul>\n<\/div>\n<\/div>\n<\/div>\n\n\n\n<div class=\"wp-block-stackable-spacer stk-block-spacer stk--no-padding stk-block stk-28a965c\" data-block-id=\"28a965c\"><style>.stk-28a965c {height:15px !important;}<\/style><\/div>\n\n\n\n<div data-wp-context=\"{ &quot;autoclose&quot;: true, &quot;accordionItems&quot;: [] }\" data-wp-interactive=\"core\/accordion\" role=\"group\" class=\"wp-block-accordion is-layout-flow wp-block-accordion-is-layout-flow\">\n<div data-wp-class--is-open=\"state.isOpen\" data-wp-context=\"{ &quot;id&quot;: &quot;accordion-item-3&quot;, &quot;openByDefault&quot;: false }\" data-wp-init=\"callbacks.initAccordionItems\" data-wp-on-window--hashchange=\"callbacks.hashChange\" class=\"wp-block-accordion-item is-layout-flow wp-block-accordion-item-is-layout-flow\">\n<h3 class=\"wp-block-accordion-heading has-theme-palette-4-color has-text-color has-link-color has-medium-font-size wp-elements-e6ae98e7f232efceb0d7ebd96cd7e278\"><button aria-expanded=\"false\" aria-controls=\"accordion-item-3-panel\" data-wp-bind--aria-expanded=\"state.isOpen\" data-wp-on--click=\"actions.toggle\" data-wp-on--keydown=\"actions.handleKeyDown\" id=\"accordion-item-3\" type=\"button\" class=\"wp-block-accordion-heading__toggle\"><span class=\"wp-block-accordion-heading__toggle-title\">Basic 3 (3h) <span style=\"color: var(--global-palette4, var(--global-palette4));\" class=\"stk-highlight\">Group 110 \u20ac \/ Private 140 \u20ac<\/span><\/span><span class=\"wp-block-accordion-heading__toggle-icon\" aria-hidden=\"true\">+<\/span><\/button><\/h3>\n\n\n\n<div inert aria-labelledby=\"accordion-item-3\" data-wp-bind--inert=\"!state.isOpen\" id=\"accordion-item-3-panel\" role=\"region\" class=\"wp-block-accordion-panel is-layout-flow wp-block-accordion-panel-is-layout-flow\">\n<p class=\"has-theme-palette-4-color has-text-color has-link-color wp-elements-cc60281b70a8141b14995982a5c945c8\"><em>Erste Fahrten auf dem Board<\/em><\/p>\n\n\n\n<ul class=\"wp-block-list\">\n<li class=\"has-theme-palette-4-color has-text-color has-link-color wp-elements-7b9b97d3c675d25dafe528c5c0e5c8a8\">Waterstart auf dem Board<\/li>\n\n\n\n<li class=\"has-theme-palette-4-color has-text-color has-link-color wp-elements-72af4496dd7a2433fb30b8ffd1c8de2b\">Erste Downwind-Fahrten<\/li>\n\n\n\n<li class=\"has-theme-palette-4-color has-text-color has-link-color wp-elements-53b382e2c077bce3efcaf6c567df34e4\">Je nach Fortschritt: erste Versuche, Gegenwind zu fahren<\/li>\n<\/ul>\n<\/div>\n<\/div>\n<\/div>\n<\/div>\n<\/div>\n<\/div><\/div><\/div>\n\n\n\n<div class=\"wp-block-stackable-column stk-block-column stk-column stk-block stk-c34fa7c\" data-v=\"4\" data-block-id=\"c34fa7c\"><div class=\"stk-column-wrapper stk-block-column__content stk-container stk-c34fa7c-container stk--no-background stk--no-padding\"><div class=\"stk-block-content stk-inner-blocks stk-c34fa7c-inner-blocks\">\n<figure class=\"wp-block-image size-full\"><img loading=\"lazy\" decoding=\"async\" width=\"1920\" height=\"2560\" src=\"https:\/\/kitesurfingwitheb.com\/wp-content\/uploads\/2025\/11\/IMG-20251017-WA0022-scaled.jpg\" alt=\"\" class=\"wp-image-1485\" style=\"aspect-ratio:4\/3;object-fit:cover\" srcset=\"https:\/\/kitesurfingwitheb.com\/wp-content\/uploads\/2025\/11\/IMG-20251017-WA0022-scaled.jpg 1920w, https:\/\/kitesurfingwitheb.com\/wp-content\/uploads\/2025\/11\/IMG-20251017-WA0022-225x300.jpg 225w, https:\/\/kitesurfingwitheb.com\/wp-content\/uploads\/2025\/11\/IMG-20251017-WA0022-768x1024.jpg 768w, https:\/\/kitesurfingwitheb.com\/wp-content\/uploads\/2025\/11\/IMG-20251017-WA0022-1152x1536.jpg 1152w, https:\/\/kitesurfingwitheb.com\/wp-content\/uploads\/2025\/11\/IMG-20251017-WA0022-1536x2048.jpg 1536w, https:\/\/kitesurfingwitheb.com\/wp-content\/uploads\/2025\/11\/IMG-20251017-WA0022-9x12.jpg 9w, https:\/\/kitesurfingwitheb.com\/wp-content\/uploads\/2025\/11\/IMG-20251017-WA0022-600x800.jpg 600w\" sizes=\"auto, (max-width: 1920px) 100vw, 1920px\" \/><\/figure>\n\n\n\n<div style=\"height:4px\" aria-hidden=\"true\" class=\"wp-block-spacer\"><\/div>\n\n\n\n<div class=\"wp-block-group\"><div class=\"wp-block-group__inner-container is-layout-flow wp-block-group-is-layout-flow\">\n<h3 class=\"wp-block-heading is-service-name has-theme-palette-4-color has-text-color has-link-color wp-elements-322182e76383fec59e367c8e1ccb7ef9\" style=\"font-size:25px;font-style:normal;font-weight:700\">Refresher<\/h3>\n<\/div><\/div>\n\n\n\n<p class=\"is-service-description has-theme-palette-4-color has-text-color has-link-color wp-elements-002ea2875c83a15d1e397f4aa067fe7e\" style=\"font-size:17px\">Already completed a course or gained some experience? Whether you just need a refresh, want to regain confidence, or are ready to level up your skills with new or more advanced techniques \u2014 we\u2019ve got the perfect refresh sessions tailored for riders who already have some experience.<br>Group (6H): 210 \u20ac <br>Private (6H): 250 \u20ac<\/p>\n<\/div><\/div><\/div>\n\n\n\n<div class=\"wp-block-stackable-column stk-block-column stk-column stk-block stk-3859875\" data-v=\"4\" data-block-id=\"3859875\"><div class=\"stk-column-wrapper stk-block-column__content stk-container stk-3859875-container stk--no-background stk--no-padding\"><div class=\"stk-block-content stk-inner-blocks stk-3859875-inner-blocks\">\n<figure class=\"wp-block-image size-large\"><img loading=\"lazy\" decoding=\"async\" width=\"683\" height=\"1024\" src=\"https:\/\/kitesurfingwitheb.com\/wp-content\/uploads\/2025\/12\/a-boy-on-the-beach-holding-a-kite-and-wakeboard-ready-for-kitesurfing-under-a-clear-blue-sky.-18388654-683x1024.jpg\" alt=\"A boy on the beach holding a kite and wakeboard, ready for kitesurfing under a clear blue sky.\" class=\"wp-image-1981\" style=\"aspect-ratio:4\/3;object-fit:cover\" srcset=\"https:\/\/kitesurfingwitheb.com\/wp-content\/uploads\/2025\/12\/a-boy-on-the-beach-holding-a-kite-and-wakeboard-ready-for-kitesurfing-under-a-clear-blue-sky.-18388654-683x1024.jpg 683w, https:\/\/kitesurfingwitheb.com\/wp-content\/uploads\/2025\/12\/a-boy-on-the-beach-holding-a-kite-and-wakeboard-ready-for-kitesurfing-under-a-clear-blue-sky.-18388654-200x300.jpg 200w, https:\/\/kitesurfingwitheb.com\/wp-content\/uploads\/2025\/12\/a-boy-on-the-beach-holding-a-kite-and-wakeboard-ready-for-kitesurfing-under-a-clear-blue-sky.-18388654-768x1152.jpg 768w, https:\/\/kitesurfingwitheb.com\/wp-content\/uploads\/2025\/12\/a-boy-on-the-beach-holding-a-kite-and-wakeboard-ready-for-kitesurfing-under-a-clear-blue-sky.-18388654-1024x1536.jpg 1024w, https:\/\/kitesurfingwitheb.com\/wp-content\/uploads\/2025\/12\/a-boy-on-the-beach-holding-a-kite-and-wakeboard-ready-for-kitesurfing-under-a-clear-blue-sky.-18388654-1365x2048.jpg 1365w, https:\/\/kitesurfingwitheb.com\/wp-content\/uploads\/2025\/12\/a-boy-on-the-beach-holding-a-kite-and-wakeboard-ready-for-kitesurfing-under-a-clear-blue-sky.-18388654-8x12.jpg 8w, https:\/\/kitesurfingwitheb.com\/wp-content\/uploads\/2025\/12\/a-boy-on-the-beach-holding-a-kite-and-wakeboard-ready-for-kitesurfing-under-a-clear-blue-sky.-18388654-600x900.jpg 600w, https:\/\/kitesurfingwitheb.com\/wp-content\/uploads\/2025\/12\/a-boy-on-the-beach-holding-a-kite-and-wakeboard-ready-for-kitesurfing-under-a-clear-blue-sky.-18388654-scaled.jpg 1707w\" sizes=\"auto, (max-width: 683px) 100vw, 683px\" \/><\/figure>\n\n\n\n<div style=\"height:4px\" aria-hidden=\"true\" class=\"wp-block-spacer\"><\/div>\n\n\n\n<div class=\"wp-block-group\"><div class=\"wp-block-group__inner-container is-layout-flow wp-block-group-is-layout-flow\">\n<h3 class=\"wp-block-heading is-service-name has-theme-palette-4-color has-text-color has-link-color wp-elements-187355c2998d6f19821a3482c5b28d4e\" style=\"font-size:25px;font-style:normal;font-weight:700\">Kids<\/h3>\n<\/div><\/div>\n\n\n\n<p class=\"is-service-description has-theme-palette-4-color has-text-color has-link-color wp-elements-49e25937436c9946018031155a055620\" style=\"font-size:17px\">Kitesurfen ist ein gro\u00dfartiger Sport f\u00fcr Kinder, und wir bieten einen speziellen Kurs f\u00fcr junge Kiter bis 15 Jahre an \u2013 wahlweise als 6- oder 8-st\u00fcndiges Trainingsprogramm. Voraussetzung f\u00fcr eine sichere und effektive Schulung ist ein Mindestgewicht von 36 kg.<br>Group (6H): 250 \u20ac <br>Private (6H): 300 \u20ac<\/p>\n<\/div><\/div><\/div>\n<\/div><\/div>\n<\/div><\/div>\n\n\n\n<p><\/p>","protected":false},"excerpt":{"rendered":"<p>BEGINNER An average beginner group course includes 9 hours of training, designed to take you from complete beginner to your first rides on the board. The lessons are spread over several days (usually 2\u20134 days), depending on the wind conditions and the length of your stay. Step by step, you build up the essential skills&#8230;<\/p>","protected":false},"author":1,"featured_media":0,"parent":0,"menu_order":0,"comment_status":"closed","ping_status":"closed","template":"","meta":{"advanced_seo_description":"","jetpack_seo_html_title":"","jetpack_seo_noindex":false,"_kadence_starter_templates_imported_post":false,"_kad_post_transparent":"enable","_kad_post_title":"hide","_kad_post_layout":"fullwidth","_kad_post_sidebar_id":"","_kad_post_content_style":"","_kad_post_vertical_padding":"","_kad_post_feature":"","_kad_post_feature_position":"","_kad_post_header":false,"_kad_post_footer":false,"footnotes":""},"class_list":["post-1225","page","type-page","status-publish","hentry"],"jetpack_sharing_enabled":true,"_links":{"self":[{"href":"https:\/\/kitesurfingwitheb.com\/de\/wp-json\/wp\/v2\/pages\/1225","targetHints":{"allow":["GET"]}}],"collection":[{"href":"https:\/\/kitesurfingwitheb.com\/de\/wp-json\/wp\/v2\/pages"}],"about":[{"href":"https:\/\/kitesurfingwitheb.com\/de\/wp-json\/wp\/v2\/types\/page"}],"author":[{"embeddable":true,"href":"https:\/\/kitesurfingwitheb.com\/de\/wp-json\/wp\/v2\/users\/1"}],"replies":[{"embeddable":true,"href":"https:\/\/kitesurfingwitheb.com\/de\/wp-json\/wp\/v2\/comments?post=1225"}],"version-history":[{"count":10,"href":"https:\/\/kitesurfingwitheb.com\/de\/wp-json\/wp\/v2\/pages\/1225\/revisions"}],"predecessor-version":[{"id":2166,"href":"https:\/\/kitesurfingwitheb.com\/de\/wp-json\/wp\/v2\/pages\/1225\/revisions\/2166"}],"wp:attachment":[{"href":"https:\/\/kitesurfingwitheb.com\/de\/wp-json\/wp\/v2\/media?parent=1225"}],"curies":[{"name":"wp","href":"https:\/\/api.w.org\/{rel}","templated":true}]}}